{"id":2872,"date":"2025-09-12T09:02:30","date_gmt":"2025-09-12T07:02:30","guid":{"rendered":"https:\/\/www.abegu.cz\/current-vacancies\/"},"modified":"2025-10-17T12:01:10","modified_gmt":"2025-10-17T10:01:10","slug":"current-vacancies","status":"publish","type":"page","link":"https:\/\/www.abegu.cz\/en\/current-vacancies\/","title":{"rendered":"Current vacancies"},"content":{"rendered":"<div class=\"wpb-content-wrapper\"><p>[vc_row ts_bgimage_position=&#8221;right_center&#8221; css_animation=&#8221;none&#8221; css=&#8221;.vc_custom_1758802583381{margin-top: 60px !important;margin-bottom: 0px !important;padding-top: 40px !important;padding-bottom: 10px !important;background-position: center !important;background-repeat: no-repeat !important;background-size: contain !important;}&#8221; ts_responsive_css=&#8221;36685514|colbreak_no|||||||||colbreak_no|||||||||colbreak_no||||||||||colbreak_no|||||||||&#8221;][vc_column zindex=&#8221;2&#8243;][vc_custom_heading text=&#8221;Current vacancies&#8221; font_container=&#8221;tag:h1|font_size:3em|text_align:left|color:%232a2b2b|line_height:1.2em&#8221; use_theme_fonts=&#8221;yes&#8221; css=&#8221;&#8221; el_class=&#8221;nadpis&#8221;][\/vc_column][\/vc_row][vc_row ts_bgimage_position=&#8221;left_center&#8221; zindex=&#8221;2&#8243; full_width=&#8221;stretch_row&#8221; equal_height=&#8221;yes&#8221; css_animation=&#8221;none&#8221; disable_element=&#8221;yes&#8221; css=&#8221;.vc_custom_1759330882980{margin-top: 60px !important;margin-bottom: 0px !important;padding-top: 0px !important;padding-bottom: 0px !important;}&#8221; ts_responsive_css=&#8221;36685514|colbreak_no|||||||||colbreak_no|||||||||colbreak_no||||||||||colbreak_no|||||||||&#8221; el_class=&#8221;mobil-hide&#8221;][vc_column ts_bgcolor=&#8221;white&#8221; zindex=&#8221;2&#8243; css_animation=&#8221;none&#8221; width=&#8221;1\/2&#8243; css=&#8221;.vc_custom_1758801963115{margin-top: 0px !important;margin-bottom: 0px !important;border-top-width: 1px !important;border-right-width: 1px !important;border-bottom-width: 1px !important;border-left-width: 1px !important;padding-top: 8% !important;padding-right: 8% !important;padding-bottom: 8% !important;padding-left: 8% !important;background-color: #FFFFFF !important;border-left-style: solid !important;border-right-style: solid !important;border-top-style: solid !important;border-bottom-style: solid !important;border-radius: 25px !important;border-color: #E8E8E8 !important;}&#8221; ts_responsive_css=&#8221;39493934|colbreak_no|||||||||colbreak_no|||||||||colbreak_no||||||||||colbreak_no|||||||||&#8221; el_class=&#8221;mobil-hide&#8221; offset=&#8221;vc_hidden-xs&#8221;][vc_row_inner zindex=&#8221;2&#8243; equal_height=&#8221;yes&#8221; content_placement=&#8221;top&#8221; gap=&#8221;5&#8243; css_animation=&#8221;none&#8221; css=&#8221;.vc_custom_1758103346086{margin-top: 0px !important;margin-bottom: 0px !important;}&#8221;][vc_column_inner width=&#8221;1\/3&#8243; css=&#8221;.vc_custom_1757599788751{padding-top: 10px !important;padding-bottom: 20px !important;background-color: #FFFFFF !important;border-radius: 25px !important;}&#8221;][vc_single_image image=&#8221;2851&#8243; img_size=&#8221;full&#8221; alignment=&#8221;center&#8221; css=&#8221;.vc_custom_1758029246399{margin-top: 0px !important;margin-bottom: 10px !important;border-top-width: 0px !important;border-bottom-width: 0px !important;padding-top: 0px !important;padding-bottom: 0px !important;}&#8221;]<div style=\"text-align:center;font-size:15px;line-height:17px;\" class=\"ts-custom-heading \" ><a href=\"\/en\/service\/electromagnetic-compatibility\/\">Electromagnetic compatibility<\/a><\/div>\n[\/vc_column_inner][vc_column_inner width=&#8221;1\/3&#8243; css=&#8221;.vc_custom_1757599793747{padding-top: 10px !important;padding-bottom: 20px !important;background-color: #FFFFFF !important;border-radius: 25px !important;}&#8221;][vc_single_image image=&#8221;2849&#8243; img_size=&#8221;full&#8221; alignment=&#8221;center&#8221; css=&#8221;.vc_custom_1757077466563{margin-top: 0px !important;margin-bottom: 10px !important;border-top-width: 0px !important;border-bottom-width: 0px !important;padding-top: 0px !important;padding-bottom: 0px !important;}&#8221;]<div style=\"text-align:center;font-size:15px;line-height:17px;\" class=\"ts-custom-heading \" ><a href=\"\/en\/service\/diagnostics-of-metallic-piping\/\">Diagnostics of metallic piping<\/a><\/div>\n[\/vc_column_inner][vc_column_inner width=&#8221;1\/3&#8243; css=&#8221;.vc_custom_1757599797566{padding-top: 10px !important;padding-bottom: 20px !important;background-color: #FFFFFF !important;border-radius: 25px !important;}&#8221;][vc_single_image image=&#8221;2855&#8243; img_size=&#8221;full&#8221; alignment=&#8221;center&#8221; css=&#8221;.vc_custom_1757077483744{margin-top: 0px !important;margin-bottom: 10px !important;border-top-width: 0px !important;border-bottom-width: 0px !important;padding-top: 0px !important;padding-bottom: 0px !important;}&#8221;]<div style=\"text-align:center;font-size:15px;line-height:17px;\" class=\"ts-custom-heading \" ><a href=\"\/en\/service\/test-of-climate-effects\/\">Tests of climate effects<\/a><\/div>\n[\/vc_column_inner][\/vc_row_inner][vc_row_inner equal_height=&#8221;yes&#8221; content_placement=&#8221;middle&#8221; gap=&#8221;5&#8243; css=&#8221;.vc_custom_1758103339815{margin-top: 10px !important;margin-bottom: 0px !important;}&#8221;][vc_column_inner width=&#8221;1\/3&#8243; css=&#8221;.vc_custom_1757599801488{padding-top: 10px !important;padding-bottom: 20px !important;background-color: #FFFFFF !important;border-radius: 25px !important;}&#8221;][vc_single_image image=&#8221;2857&#8243; img_size=&#8221;full&#8221; alignment=&#8221;center&#8221; css=&#8221;.vc_custom_1757077495406{margin-top: 0px !important;margin-bottom: 10px !important;border-top-width: 0px !important;border-bottom-width: 0px !important;padding-top: 0px !important;padding-bottom: 0px !important;}&#8221;]<div style=\"text-align:center;font-size:15px;line-height:17px;\" class=\"ts-custom-heading \" ><a href=\"\/en\/service\/electrical-safety\/\">Electric safety<\/a><\/div>\n[\/vc_column_inner][vc_column_inner width=&#8221;1\/3&#8243; css=&#8221;.vc_custom_1757599805270{padding-top: 10px !important;padding-bottom: 20px !important;background-color: #FFFFFF !important;border-radius: 25px !important;}&#8221;][vc_single_image image=&#8221;2853&#8243; img_size=&#8221;full&#8221; alignment=&#8221;center&#8221; css=&#8221;.vc_custom_1757077510510{margin-top: 0px !important;margin-bottom: 10px !important;border-top-width: 0px !important;border-bottom-width: 0px !important;padding-top: 0px !important;padding-bottom: 0px !important;}&#8221;]<div style=\"text-align:center;font-size:15px;line-height:17px;\" class=\"ts-custom-heading \" ><a href=\"\/en\/service\/cable-diagnostics-and-tracing\/\">Cable diagnostics and tracing<\/a><\/div>\n[\/vc_column_inner][vc_column_inner width=&#8221;1\/3&#8243; css=&#8221;.vc_custom_1757598507668{padding-right: 0px !important;padding-left: 0px !important;}&#8221;]<div style=\"text-align:center;font-size:12px;line-height:14px;\" class=\"ts-custom-heading vc_custom_1759242595861\" ><a href=\"\/en\/custom-research-and-development\/\">Custom Research and Development<\/a><\/div>\n<div style=\"text-align:center;font-size:12px;line-height:14px;\" class=\"ts-custom-heading vc_custom_1759242608545\" ><a href=\"\/en\/studies-and-technical-analyses\/\">Studies and Technical Analyses<\/a><\/div>\n<div style=\"text-align:center;font-size:12px;line-height:14px;\" class=\"ts-custom-heading vc_custom_1759242621523\" ><a href=\"\/en\/professional-training\/\">Professional Training<\/a><\/div>\n[\/vc_column_inner][\/vc_row_inner][\/vc_column][vc_column css_animation=&#8221;none&#8221; width=&#8221;1\/2&#8243; css=&#8221;.vc_custom_1758801969593{margin-top: 8% !important;margin-bottom: 8% !important;margin-left: -40px !important;padding-top: 30px !important;padding-right: 30px !important;padding-bottom: 30px !important;padding-left: 80px !important;background-color: #EDEDED !important;border-radius: 25px !important;}&#8221; el_class=&#8221;mobil-hide&#8221; offset=&#8221;vc_hidden-xs&#8221;][vc_custom_heading text=&#8221;Who We Are and What We Do&#8221; font_container=&#8221;tag:h3|text_align:left|color:%23D81117&#8243; use_theme_fonts=&#8221;yes&#8221; css=&#8221;.vc_custom_1757595551471{margin-top: 5px !important;margin-bottom: 20px !important;}&#8221;][vc_column_text css=&#8221;.vc_custom_1758022227078{margin-bottom: 0px !important;}&#8221;]<\/p>\n<h6>We are a company based in Desn\u00e1 in the Jizera Mountains, specializing in EMC issues and pipeline and cable diagnostics. We operate an accredited testing laboratory.<\/h6>\n<p>Our primary clients are nuclear power plants, but we also assist companies from other industrial sectors. We have been operating for over 30 years. We solve the unsolvable \u2013 developing new methods and procedures that have given us unique know-how, securing our essential role in the nuclear energy sector.[\/vc_column_text][vc_btn title=&#8221;More information about us&#8221; style=&#8221;flat&#8221; shape=&#8221;round&#8221; color=&#8221;white&#8221; css=&#8221;.vc_custom_1759157098311{margin-top: 25px !important;margin-bottom: 10px !important;}&#8221; link=&#8221;url:%2Fen%2Fabout-us%2F|title:About%20the%20Company&#8221;][\/vc_column][\/vc_row][vc_row ts_bgimage_position=&#8221;left_center&#8221; equal_height=&#8221;yes&#8221; content_placement=&#8221;middle&#8221; css_animation=&#8221;none&#8221; css=&#8221;.vc_custom_1758802192003{margin-top: 80px !important;margin-bottom: 0px !important;border-top-width: 0px !important;padding-top: 0px !important;padding-bottom: 0px !important;}&#8221; ts_responsive_css=&#8221;36685514|colbreak_no|||||||||colbreak_no|||||||||colbreak_no||||||||||colbreak_no|||||||||&#8221; el_class=&#8221;mobil-hide&#8221;][vc_column css=&#8221;.vc_custom_1758802196133{margin-top: 0px !important;margin-bottom: 0px !important;border-top-width: 0px !important;border-bottom-width: 0px !important;padding-top: 0px !important;padding-bottom: 0px !important;}&#8221; ts_responsive_css=&#8221;49359824|colbreak_no|||||||||colbreak_no|||||||||colbreak_no||||||||||colbreak_no|||||||||&#8221; offset=&#8221;vc_hidden-xs&#8221; el_class=&#8221;mobil-hide&#8221;][vc_custom_heading text=&#8221;List of Available Positions&#8221; font_container=&#8221;tag:h3|text_align:left|color:%23D81117&#8243; use_theme_fonts=&#8221;yes&#8221; css=&#8221;.vc_custom_1758802201010{margin-top: 5px !important;margin-bottom: 20px !important;}&#8221; el_class=&#8221;mobil-hide&#8221;][\/vc_column][\/vc_row][vc_row ts_bgimage_position=&#8221;left_center&#8221; content_placement=&#8221;middle&#8221; css_animation=&#8221;none&#8221; css=&#8221;.vc_custom_1758802636102{margin-top: 20px !important;margin-bottom: 20px !important;border-top-width: 1px !important;border-right-width: 1px !important;border-bottom-width: 3px !important;border-left-width: 1px !important;padding-top: 10px !important;padding-bottom: 5px !important;background-position: center !important;background-repeat: no-repeat !important;background-size: cover !important;border-left-style: solid !important;border-right-style: solid !important;border-top-style: solid !important;border-bottom-style: solid !important;border-radius: 25px !important;border-color: #E0E0E0 !important;}&#8221; ts_responsive_css=&#8221;36685514|colbreak_no|||||||||colbreak_no|||||||||colbreak_yes|10|||||||||colbreak_no|||||||||&#8221;][vc_column width=&#8221;1\/5&#8243; css=&#8221;.vc_custom_1758029745362{margin-top: 0px !important;margin-bottom: 0px !important;border-top-width: 0px !important;border-bottom-width: 0px !important;padding-top: 0px !important;padding-bottom: 0px !important;}&#8221;][vc_single_image image=&#8221;3795&#8243; img_size=&#8221;180&#215;180&#8243; style=&#8221;vc_box_circle_2&#8243; css=&#8221;.vc_custom_1760695152663{margin-top: 0px !important;margin-right: 0px !important;margin-bottom: 0px !important;margin-left: 0px !important;padding-top: 0px !important;padding-right: 0px !important;padding-bottom: 0px !important;padding-left: 0px !important;border-radius: 25px !important;}&#8221;][\/vc_column][vc_column width=&#8221;4\/5&#8243; css=&#8221;.vc_custom_1758802550623{margin-top: 0px !important;margin-bottom: 0px !important;border-top-width: 0px !important;border-bottom-width: 0px !important;padding-top: 20px !important;padding-bottom: 20px !important;}&#8221; ts_responsive_css=&#8221;30557978|colbreak_no|||||||||colbreak_no|||||||||colbreak_no||||||||||colbreak_no|||||||||&#8221;][vc_custom_heading text=&#8221;Technical worker&#8221; font_container=&#8221;tag:h2|text_align:left|color:%23111111&#8243; use_theme_fonts=&#8221;yes&#8221; css=&#8221;.vc_custom_1759158219978{margin-top: 0px !important;margin-bottom: 10px !important;}&#8221; link=&#8221;url:%2Fen%2Fjob-position-technical-worker%2F&#8221;][vc_row_inner css=&#8221;.vc_custom_1758030589507{padding-right: 0px !important;padding-left: 0px !important;}&#8221;][vc_column_inner width=&#8221;1\/4&#8243;]<ul class=\"ts-list ts-list-style-icon ts-list-icon-color-skincolor ts- ts-icon-skincolor ts-list-textsize- ts-list-icon-library-fontawesome vc_custom_1759150365418\"><li><i class=\"ts-skincolor fa fa-map-marker\"><\/i>  <span class=\"ts-list-li-content\">Desn\u00e1 + Czech Republic<\/span><\/li><\/ul>[\/vc_column_inner][vc_column_inner width=&#8221;1\/4&#8243;]<ul class=\"ts-list ts-list-style-icon ts-list-icon-color-skincolor ts- ts-icon-skincolor ts-list-textsize- ts-list-icon-library-fontawesome vc_custom_1759150388469\"><li><i class=\"ts-skincolor fa fa-graduation-cap\"><\/i>  <span class=\"ts-list-li-content\">Apprenticeship certificate \/ high school diploma<\/span><\/li><\/ul>[\/vc_column_inner][vc_column_inner width=&#8221;1\/4&#8243;]<ul class=\"ts-list ts-list-style-icon ts-list-icon-color-skincolor ts- ts-icon-skincolor ts-list-textsize- ts-list-icon-library-fontawesome vc_custom_1759150407280\"><li><i class=\"ts-skincolor fa fa-rocket\"><\/i>  <span class=\"ts-list-li-content\">Suitable for graduates<\/span><\/li><\/ul>[\/vc_column_inner][vc_column_inner width=&#8221;1\/4&#8243;]<ul class=\"ts-list ts-list-style-icon ts-list-icon-color-skincolor ts- ts-icon-skincolor ts-list-textsize- ts-list-icon-library-fontawesome vc_custom_1759150424559\"><li><i class=\"ts-skincolor fa fa-clock-o\"><\/i>  <span class=\"ts-list-li-content\">Immediate start possible<\/span><\/li><\/ul>[\/vc_column_inner][\/vc_row_inner][vc_btn title=&#8221;Job Position Details&#8221; style=&#8221;flat&#8221; shape=&#8221;round&#8221; i_icon_fontawesome=&#8221;fa fa-solid fa-magnifying-glass&#8221; css=&#8221;.vc_custom_1759150612789{margin-top: 5px !important;margin-bottom: 0px !important;}&#8221; add_icon=&#8221;true&#8221; link=&#8221;url:%2Fen%2Fjob-position-technical-worker%2F&#8221;][\/vc_column][\/vc_row][vc_row ts_bgimage_position=&#8221;left_center&#8221; content_placement=&#8221;middle&#8221; css_animation=&#8221;none&#8221; css=&#8221;.vc_custom_1758802500760{margin-top: 20px !important;margin-bottom: 20px !important;border-top-width: 1px !important;border-right-width: 1px !important;border-bottom-width: 3px !important;border-left-width: 1px !important;padding-top: 10px !important;padding-bottom: 5px !important;background-position: center !important;background-repeat: no-repeat !important;background-size: cover !important;border-left-style: solid !important;border-right-style: solid !important;border-top-style: solid !important;border-bottom-style: solid !important;border-radius: 25px !important;border-color: #E0E0E0 !important;}&#8221; ts_responsive_css=&#8221;36685514|colbreak_no|||||||||colbreak_no|||||||||colbreak_no||||||||||colbreak_no|||||||||&#8221;][vc_column width=&#8221;1\/5&#8243; css=&#8221;.vc_custom_1758029745362{margin-top: 0px !important;margin-bottom: 0px !important;border-top-width: 0px !important;border-bottom-width: 0px !important;padding-top: 0px !important;padding-bottom: 0px !important;}&#8221;][vc_single_image image=&#8221;3801&#8243; img_size=&#8221;180&#215;180&#8243; style=&#8221;vc_box_circle_2&#8243; css=&#8221;.vc_custom_1760695256886{margin-top: 0px !important;margin-right: 0px !important;margin-bottom: 0px !important;margin-left: 0px !important;padding-top: 0px !important;padding-right: 0px !important;padding-bottom: 0px !important;padding-left: 0px !important;border-radius: 25px !important;}&#8221;][\/vc_column][vc_column width=&#8221;4\/5&#8243; css=&#8221;.vc_custom_1758030067226{margin-top: 0px !important;margin-bottom: 0px !important;border-top-width: 0px !important;border-bottom-width: 0px !important;padding-top: 20px !important;padding-bottom: 20px !important;}&#8221;][vc_custom_heading text=&#8221;Technical Specialist&#8221; font_container=&#8221;tag:h2|text_align:left|color:%23111111&#8243; use_theme_fonts=&#8221;yes&#8221; css=&#8221;.vc_custom_1759158184952{margin-top: 0px !important;margin-bottom: 10px !important;}&#8221; link=&#8221;url:%2Fen%2Fjob-position-specialist-technical-worker&#8221;][vc_row_inner css=&#8221;.vc_custom_1758030589507{padding-right: 0px !important;padding-left: 0px !important;}&#8221;][vc_column_inner width=&#8221;1\/4&#8243;]<ul class=\"ts-list ts-list-style-icon ts-list-icon-color-skincolor ts- ts-icon-skincolor ts-list-textsize- ts-list-icon-library-fontawesome vc_custom_1759150369297\"><li><i class=\"ts-skincolor fa fa-map-marker\"><\/i>  <span class=\"ts-list-li-content\">Desn\u00e1 + Czech Republic<\/span><\/li><\/ul>[\/vc_column_inner][vc_column_inner width=&#8221;1\/4&#8243;]<ul class=\"ts-list ts-list-style-icon ts-list-icon-color-skincolor ts- ts-icon-skincolor ts-list-textsize- ts-list-icon-library-fontawesome vc_custom_1759150398313\"><li><i class=\"ts-skincolor fa fa-graduation-cap\"><\/i>  <span class=\"ts-list-li-content\">University degree in electrical engineering<\/span><\/li><\/ul>[\/vc_column_inner][vc_column_inner width=&#8221;1\/4&#8243;]<ul class=\"ts-list ts-list-style-icon ts-list-icon-color-skincolor ts- ts-icon-skincolor ts-list-textsize- ts-list-icon-library-fontawesome vc_custom_1759150410954\"><li><i class=\"ts-skincolor fa fa-rocket\"><\/i>  <span class=\"ts-list-li-content\">Suitable for graduates<\/span><\/li><\/ul>[\/vc_column_inner][vc_column_inner width=&#8221;1\/4&#8243;]<ul class=\"ts-list ts-list-style-icon ts-list-icon-color-skincolor ts- ts-icon-skincolor ts-list-textsize- ts-list-icon-library-fontawesome vc_custom_1759150428105\"><li><i class=\"ts-skincolor fa fa-clock-o\"><\/i>  <span class=\"ts-list-li-content\">Immediate start possible<\/span><\/li><\/ul>[\/vc_column_inner][\/vc_row_inner][vc_btn title=&#8221;Job Position Details&#8221; style=&#8221;flat&#8221; shape=&#8221;round&#8221; i_icon_fontawesome=&#8221;fa fa-solid fa-magnifying-glass&#8221; css=&#8221;.vc_custom_1759150489266{margin-top: 5px !important;margin-bottom: 0px !important;}&#8221; add_icon=&#8221;true&#8221; link=&#8221;url:%2Fen%2Fjob-position-specialist-technical-worker&#8221;][\/vc_column][\/vc_row][vc_row ts_bgimage_position=&#8221;left_center&#8221; equal_height=&#8221;yes&#8221; content_placement=&#8221;middle&#8221; css_animation=&#8221;none&#8221; disable_element=&#8221;yes&#8221; css=&#8221;.vc_custom_1758030817602{margin-top: 20px !important;margin-bottom: 20px !important;border-top-width: 1px !important;border-right-width: 1px !important;border-bottom-width: 3px !important;border-left-width: 1px !important;padding-top: 10px !important;padding-bottom: 5px !important;background-position: center !important;background-repeat: no-repeat !important;background-size: cover !important;border-left-style: solid !important;border-right-style: solid !important;border-top-style: solid !important;border-bottom-style: solid !important;border-radius: 25px !important;border-color: #E0E0E0 !important;}&#8221; ts_responsive_css=&#8221;36685514|colbreak_no|||||||||colbreak_no|||||||||colbreak_no||||||||||colbreak_no|||||||||&#8221;][vc_column width=&#8221;1\/5&#8243; css=&#8221;.vc_custom_1758029745362{margin-top: 0px !important;margin-bottom: 0px !important;border-top-width: 0px !important;border-bottom-width: 0px !important;padding-top: 0px !important;padding-bottom: 0px !important;}&#8221;][vc_single_image image=&#8221;2873&#8243; img_size=&#8221;170&#215;170&#8243; alignment=&#8221;center&#8221; style=&#8221;vc_box_circle_2&#8243; css=&#8221;.vc_custom_1758030646986{margin-top: 0px !important;margin-right: 0px !important;margin-bottom: 0px !important;margin-left: 0px !important;padding-top: 0px !important;padding-right: 0px !important;padding-bottom: 0px !important;padding-left: 0px !important;border-radius: 25px !important;}&#8221;][\/vc_column][vc_column width=&#8221;4\/5&#8243; css=&#8221;.vc_custom_1758030067226{margin-top: 0px !important;margin-bottom: 0px !important;border-top-width: 0px !important;border-bottom-width: 0px !important;padding-top: 20px !important;padding-bottom: 20px !important;}&#8221;][vc_custom_heading text=&#8221;Technical Staff Member&#8221; font_container=&#8221;tag:h2|text_align:left|color:%23111111&#8243; use_theme_fonts=&#8221;yes&#8221; css=&#8221;.vc_custom_1758030194373{margin-top: 0px !important;margin-bottom: 10px !important;}&#8221;][vc_row_inner css=&#8221;.vc_custom_1758030589507{padding-right: 0px !important;padding-left: 0px !important;}&#8221;][vc_column_inner width=&#8221;1\/4&#8243;]<ul class=\"ts-list ts-list-style-icon ts-list-icon-color-skincolor ts- ts-icon-skincolor ts-list-textsize- ts-list-icon-library-fontawesome vc_custom_1759150373425\"><li><i class=\"ts-skincolor fa fa-map-marker\"><\/i>  <span class=\"ts-list-li-content\">Desn\u00e1 + Czech Republic<\/span><\/li><\/ul>[\/vc_column_inner][vc_column_inner width=&#8221;1\/4&#8243;]<ul class=\"ts-list ts-list-style-icon ts-list-icon-color-skincolor ts- ts-icon-skincolor ts-list-textsize- ts-list-icon-library-fontawesome vc_custom_1758112788146\"><li><i class=\"ts-skincolor fa fa-graduation-cap\"><\/i>  <span class=\"ts-list-li-content\">V\u00fdu\u010dn\u00ed list \/ maturita<\/span><\/li><\/ul>[\/vc_column_inner][vc_column_inner width=&#8221;1\/4&#8243;]<ul class=\"ts-list ts-list-style-icon ts-list-icon-color-skincolor ts- ts-icon-skincolor ts-list-textsize- ts-list-icon-library-fontawesome vc_custom_1758112868155\"><li><i class=\"ts-skincolor fa fa-rocket\"><\/i>  <span class=\"ts-list-li-content\">Vhodn\u00e9 pro absolventy<\/span><\/li><\/ul>[\/vc_column_inner][vc_column_inner width=&#8221;1\/4&#8243;]<ul class=\"ts-list ts-list-style-icon ts-list-icon-color-skincolor ts- ts-icon-skincolor ts-list-textsize- ts-list-icon-library-fontawesome vc_custom_1759150432385\"><li><i class=\"ts-skincolor fa fa-clock-o\"><\/i>  <span class=\"ts-list-li-content\">Immediate start possible<\/span><\/li><\/ul>[\/vc_column_inner][\/vc_row_inner][vc_btn title=&#8221;Job Position Details&#8221; style=&#8221;flat&#8221; shape=&#8221;round&#8221; i_icon_fontawesome=&#8221;fa fa-solid fa-magnifying-glass&#8221; css=&#8221;.vc_custom_1758030433221{margin-top: 5px !important;margin-bottom: 0px !important;}&#8221; add_icon=&#8221;true&#8221; link=&#8221;url:https%3A%2F%2Fwww.abegu.cz%2Fcurrent-vacancies%2F%3Flang%3Den|&#8221;][\/vc_column][\/vc_row][vc_row][vc_column css=&#8221;.vc_custom_1758107843539{margin-top: 0px !important;border-top-width: 0px !important;padding-top: 0px !important;}&#8221;][vc_btn title=&#8221;Back to Careers&#8221; style=&#8221;flat&#8221; shape=&#8221;round&#8221; size=&#8221;lg&#8221; i_icon_fontawesome=&#8221;fa fa-solid fa-arrow-left&#8221; css=&#8221;.vc_custom_1759151382431{margin-top: 0px !important;margin-bottom: 10px !important;}&#8221; add_icon=&#8221;true&#8221; link=&#8221;url:%2Fen%2Fcareers%2F&#8221; el_class=&#8221;z-index:99&#8243;][vc_empty_space height=&#8221;60&#8243;][\/vc_column][\/vc_row]<\/p>\n<\/div>","protected":false},"excerpt":{"rendered":"<p>[vc_row ts_bgimage_position=&#8221;right_center&#8221; css_animation=&#8221;none&#8221; css=&#8221;.vc_custom_1758802583381{margin-top: 60px !important;margin-bottom: 0px !important;padding-top: 40px !important;padding-bottom: 10px !important;background-position: center !important;background-repeat: no-repeat !important;background-size: contain !important;}&#8221; ts_responsive_css=&#8221;36685514|colbreak_no|||||||||colbreak_no|||||||||colbreak_no||||||||||colbreak_no|||||||||&#8221;][vc_column zindex=&#8221;2&#8243;][vc_custom_heading text=&#8221;Current vacancies&#8221; font_container=&#8221;tag:h1|font_size:3em|text_align:left|color:%232a2b2b|line_height:1.2em&#8221; use_theme_fonts=&#8221;yes&#8221; css=&#8221;&#8221; el_class=&#8221;nadpis&#8221;][\/vc_column][\/vc_row][vc_row ts_bgimage_position=&#8221;left_center&#8221; zindex=&#8221;2&#8243; full_width=&#8221;stretch_row&#8221; equal_height=&#8221;yes&#8221; css_animation=&#8221;none&#8221; disable_element=&#8221;yes&#8221; css=&#8221;.vc_custom_1759330882980{margin-top: 60px !important;margin-bottom: 0px !important;padding-top: 0px !important;padding-bottom: 0px !important;}&#8221; ts_responsive_css=&#8221;36685514|colbreak_no|||||||||colbreak_no|||||||||colbreak_no||||||||||colbreak_no|||||||||&#8221; el_class=&#8221;mobil-hide&#8221;][vc_column ts_bgcolor=&#8221;white&#8221; zindex=&#8221;2&#8243; css_animation=&#8221;none&#8221; width=&#8221;1\/2&#8243; css=&#8221;.vc_custom_1758801963115{margin-top: 0px !important;margin-bottom: 0px !important;border-top-width: 1px !important;border-right-width: 1px &hellip; <a href=\"https:\/\/www.abegu.cz\/en\/current-vacancies\/\" class=\"more-link\" title=\"Continue reading <span class=\"screen-reader-text\">Current vacancies<\/span>&#8220;>Continue reading <span class=\"screen-reader-text\">Current vacancies<\/span><\/a><\/p>\n","protected":false},"author":1,"featured_media":0,"parent":0,"menu_order":0,"comment_status":"closed","ping_status":"closed","template":"","meta":{"footnotes":""},"class_list":["post-2872","page","type-page","status-publish","hentry"],"_links":{"self":[{"href":"https:\/\/www.abegu.cz\/en\/wp-json\/wp\/v2\/pages\/2872","targetHints":{"allow":["GET"]}}],"collection":[{"href":"https:\/\/www.abegu.cz\/en\/wp-json\/wp\/v2\/pages"}],"about":[{"href":"https:\/\/www.abegu.cz\/en\/wp-json\/wp\/v2\/types\/page"}],"author":[{"embeddable":true,"href":"https:\/\/www.abegu.cz\/en\/wp-json\/wp\/v2\/users\/1"}],"replies":[{"embeddable":true,"href":"https:\/\/www.abegu.cz\/en\/wp-json\/wp\/v2\/comments?post=2872"}],"version-history":[{"count":0,"href":"https:\/\/www.abegu.cz\/en\/wp-json\/wp\/v2\/pages\/2872\/revisions"}],"wp:attachment":[{"href":"https:\/\/www.abegu.cz\/en\/wp-json\/wp\/v2\/media?parent=2872"}],"curies":[{"name":"wp","href":"https:\/\/api.w.org\/{rel}","templated":true}]}}