{"id":2890,"date":"2025-09-17T13:34:26","date_gmt":"2025-09-17T11:34:26","guid":{"rendered":"https:\/\/www.abegu.cz\/consent-to-personal-data-processing\/"},"modified":"2025-10-16T10:44:04","modified_gmt":"2025-10-16T08:44:04","slug":"consent-to-personal-data-processing","status":"publish","type":"page","link":"https:\/\/www.abegu.cz\/en\/consent-to-personal-data-processing\/","title":{"rendered":"Consent to Personal Data Processing"},"content":{"rendered":"<div class=\"wpb-content-wrapper\"><p>[vc_row ts_bgimage_position=&#8221;right_center&#8221; css_animation=&#8221;none&#8221; css=&#8221;.vc_custom_1757074651846{margin-top: 60px !important;margin-bottom: 0px !important;padding-top: 40px !important;padding-bottom: 10px !important;background-position: center !important;background-repeat: no-repeat !important;background-size: contain !important;}&#8221; ts_responsive_css=&#8221;36685514|colbreak_no|||||||||colbreak_no|||||||||colbreak_no||||||||||colbreak_no|||||||||&#8221;][vc_column zindex=&#8221;2&#8243;][vc_custom_heading text=&#8221;Consent to Personal Data Processing&#8221; font_container=&#8221;tag:h1|font_size:3em|text_align:left|color:%232a2b2b|line_height:1.2em&#8221; use_theme_fonts=&#8221;yes&#8221; css=&#8221;&#8221; el_class=&#8221;nadpis&#8221;][\/vc_column][\/vc_row][vc_row ts_bgimage_position=&#8221;left_center&#8221; equal_height=&#8221;yes&#8221; content_placement=&#8221;middle&#8221; css_animation=&#8221;none&#8221; css=&#8221;.vc_custom_1758109066591{margin-top: 60px !important;margin-bottom: 80px !important;border-top-width: 1px !important;border-right-width: 1px !important;border-bottom-width: 3px !important;border-left-width: 1px !important;padding-top: 10px !important;padding-bottom: 5px !important;background-position: center !important;background-repeat: no-repeat !important;background-size: cover !important;border-left-style: solid !important;border-right-style: solid !important;border-top-style: solid !important;border-bottom-style: solid !important;border-radius: 25px !important;border-color: #E0E0E0 !important;}&#8221; ts_responsive_css=&#8221;36685514|colbreak_no|||||||||colbreak_no|||||||||colbreak_no||||||||||colbreak_no|||||||||&#8221;][vc_column css=&#8221;.vc_custom_1758029745362{margin-top: 0px !important;margin-bottom: 0px !important;border-top-width: 0px !important;border-bottom-width: 0px !important;padding-top: 0px !important;padding-bottom: 0px !important;}&#8221;][vc_row_inner css=&#8221;.vc_custom_1758030589507{padding-right: 0px !important;padding-left: 0px !important;}&#8221;][vc_column_inner css=&#8221;.vc_custom_1758109041050{padding-top: 30px !important;padding-right: 30px !important;padding-bottom: 30px !important;padding-left: 30px !important;}&#8221;][vc_column_text css=&#8221;&#8221;]By submitting this form, I consent that ABEGU, a.s., Company ID: 40228649, located at Krkono\u0161sk\u00e1 358, 468 61 Desn\u00e1, may process my personal data provided in this form (name and surname, telephone, email, and information in documents I have attached) in accordance with the General Data Protection Regulation (EU) 2016\/679 for the purpose of recruitment for the vacant position.<\/p>\n<p>This data will be processed only by ABEGU, a.s. and will not be shared with third parties. The data will be processed and stored only for the purposes and duration of the recruitment process (for a maximum period of 2 years, after which the data will be deleted). The provision of personal data is voluntary. Please note that you have specific rights regarding the processing of your personal data:[\/vc_column_text]<ul class=\"ts-list ts-list-style-icon ts-list-icon-color-skincolor ts- ts-icon-skincolor ts-list-textsize- ts-list-icon-library-fontawesome vc_custom_1759152307998\"><li><i class=\"ts-skincolor fa fa-check-square\"><\/i>  <span class=\"ts-list-li-content\">withdraw consent at any time by sending a request to the following email address: info@abegu.cz (withdrawal of consent will not affect the lawfulness of processing prior to such withdrawal),<\/span><\/li><li><i class=\"ts-skincolor fa fa-check-square\"><\/i>  <span class=\"ts-list-li-content\">request information from us about what personal data we process, request a copy of this data,<\/span><\/li><li><i class=\"ts-skincolor fa fa-check-square\"><\/i>  <span class=\"ts-list-li-content\">request access to this data from us and have it updated or corrected, or request restriction of processing,<\/span><\/li><li><i class=\"ts-skincolor fa fa-check-square\"><\/i>  <span class=\"ts-list-li-content\">request that we delete this personal data,<\/span><\/li><li><i class=\"ts-skincolor fa fa-check-square\"><\/i>  <span class=\"ts-list-li-content\">file a complaint with the Office for Personal Data Protection or take legal action.<\/span><\/li><\/ul>[\/vc_column_inner][\/vc_row_inner][\/vc_column][\/vc_row]<\/p>\n<\/div>","protected":false},"excerpt":{"rendered":"<p>[vc_row ts_bgimage_position=&#8221;right_center&#8221; css_animation=&#8221;none&#8221; css=&#8221;.vc_custom_1757074651846{margin-top: 60px !important;margin-bottom: 0px !important;padding-top: 40px !important;padding-bottom: 10px !important;background-position: center !important;background-repeat: no-repeat !important;background-size: contain !important;}&#8221; ts_responsive_css=&#8221;36685514|colbreak_no|||||||||colbreak_no|||||||||colbreak_no||||||||||colbreak_no|||||||||&#8221;][vc_column zindex=&#8221;2&#8243;][vc_custom_heading text=&#8221;Consent to Personal Data Processing&#8221; font_container=&#8221;tag:h1|font_size:3em|text_align:left|color:%232a2b2b|line_height:1.2em&#8221; use_theme_fonts=&#8221;yes&#8221; css=&#8221;&#8221; el_class=&#8221;nadpis&#8221;][\/vc_column][\/vc_row][vc_row ts_bgimage_position=&#8221;left_center&#8221; equal_height=&#8221;yes&#8221; content_placement=&#8221;middle&#8221; css_animation=&#8221;none&#8221; css=&#8221;.vc_custom_1758109066591{margin-top: 60px !important;margin-bottom: 80px !important;border-top-width: 1px !important;border-right-width: 1px !important;border-bottom-width: 3px !important;border-left-width: 1px !important;padding-top: 10px !important;padding-bottom: 5px !important;background-position: center !important;background-repeat: no-repeat !important;background-size: cover &hellip; <a href=\"https:\/\/www.abegu.cz\/en\/consent-to-personal-data-processing\/\" class=\"more-link\" title=\"Continue reading <span class=\"screen-reader-text\">Consent to Personal Data Processing<\/span>&#8220;>Continue reading <span class=\"screen-reader-text\">Consent to Personal Data Processing<\/span><\/a><\/p>\n","protected":false},"author":1,"featured_media":0,"parent":0,"menu_order":0,"comment_status":"closed","ping_status":"closed","template":"","meta":{"footnotes":""},"class_list":["post-2890","page","type-page","status-publish","hentry"],"_links":{"self":[{"href":"https:\/\/www.abegu.cz\/en\/wp-json\/wp\/v2\/pages\/2890","targetHints":{"allow":["GET"]}}],"collection":[{"href":"https:\/\/www.abegu.cz\/en\/wp-json\/wp\/v2\/pages"}],"about":[{"href":"https:\/\/www.abegu.cz\/en\/wp-json\/wp\/v2\/types\/page"}],"author":[{"embeddable":true,"href":"https:\/\/www.abegu.cz\/en\/wp-json\/wp\/v2\/users\/1"}],"replies":[{"embeddable":true,"href":"https:\/\/www.abegu.cz\/en\/wp-json\/wp\/v2\/comments?post=2890"}],"version-history":[{"count":0,"href":"https:\/\/www.abegu.cz\/en\/wp-json\/wp\/v2\/pages\/2890\/revisions"}],"wp:attachment":[{"href":"https:\/\/www.abegu.cz\/en\/wp-json\/wp\/v2\/media?parent=2890"}],"curies":[{"name":"wp","href":"https:\/\/api.w.org\/{rel}","templated":true}]}}