{"id":2914,"date":"2025-09-16T15:56:38","date_gmt":"2025-09-16T13:56:38","guid":{"rendered":"https:\/\/www.abegu.cz\/job-position-technical-worker\/"},"modified":"2025-11-07T12:53:07","modified_gmt":"2025-11-07T11:53:07","slug":"job-position-technical-worker","status":"publish","type":"page","link":"https:\/\/www.abegu.cz\/en\/job-position-technical-worker\/","title":{"rendered":"Job Position &#8211; Technical Worker"},"content":{"rendered":"<div class=\"wpb-content-wrapper\"><p>[vc_row ts_bgimage_position=&#8221;left_center&#8221; css_animation=&#8221;none&#8221; css=&#8221;.vc_custom_1758108086392{margin-top: 80px !important;margin-bottom: 10px !important;border-top-width: 1px !important;border-right-width: 1px !important;border-bottom-width: 3px !important;border-left-width: 1px !important;padding-top: 0px !important;padding-bottom: 30px !important;background-position: center !important;background-repeat: no-repeat !important;background-size: cover !important;border-left-style: solid !important;border-right-style: solid !important;border-top-style: solid !important;border-bottom-style: solid !important;border-radius: 25px !important;border-color: #E0E0E0 !important;}&#8221; ts_responsive_css=&#8221;36685514|colbreak_no|||||||||colbreak_no|||||||||colbreak_no||||||||||colbreak_no|||||||||&#8221;][vc_column][vc_single_image image=&#8221;3789&#8243; img_size=&#8221;full&#8221; alignment=&#8221;center&#8221; css=&#8221;.vc_custom_1760694862169{margin-top: -2px !important;margin-right: -16px !important;margin-bottom: 30px !important;margin-left: -16px !important;padding-top: 0px !important;padding-right: 0px !important;padding-bottom: 0px !important;padding-left: 0px !important;border-radius: 25px !important;}&#8221;][vc_row_inner css=&#8221;.vc_custom_1757663315460{margin-top: 15px !important;}&#8221;][vc_column_inner css=&#8221;.vc_custom_1757596149688{border-radius: 25px !important;}&#8221;]<div class=\"ts-element-heading-wrapper ts-heading-inner ts-element-align-center ts-seperator-none  vc_custom_1759150896492\"><section class=\"ts-vc_cta3-container\"><div class=\"ts-vc_general ts-vc_cta3 ts-cta3-only ts-vc_cta3-style-classic ts-vc_cta3-shape-rounded ts-vc_cta3-align-center ts-vc_cta3-color-transparent ts-vc_cta3-icon-size-md ts-vc_cta3-actions-no ts-cta3-without-desc\"><div class=\"ts-vc_cta3_content-container\"><div class=\"ts-vc_cta3-content\"><div class=\"ts-vc_cta3-content-header ts-wrap\"><div class=\"ts-vc_cta3-headers ts-wrap-cell\"><h4 style=\"font-size:20px;\" class=\"ts-custom-heading \" >Job offer<\/h4>\n<h2 class=\"ts-custom-heading \" >Technical worker (m\/f)<\/h2>\n<\/div><\/div><\/div><\/div><\/div><\/section><\/div> <!-- .ts-element-heading-wrapper container --> [\/vc_column_inner][\/vc_row_inner][vc_row_inner css=&#8221;.vc_custom_1758803148644{margin-top: 0px !important;margin-right: 30px !important;margin-bottom: 5px !important;margin-left: 30px !important;border-top-width: 0px !important;border-bottom-width: 0px !important;padding-top: 0px !important;padding-bottom: 0px !important;}&#8221; ts_responsive_css=&#8221;14312446|colbreak_no|||||||||colbreak_no|||||||||colbreak_no||-5||-5||||||colbreak_no|||||||||&#8221;][vc_column_inner css=&#8221;.vc_custom_1757665154553{margin-top: 0px !important;margin-bottom: 0px !important;border-top-width: 0px !important;border-bottom-width: 0px !important;padding-top: 0px !important;padding-bottom: 0px !important;border-radius: 25px !important;}&#8221;][vc_column_text css=&#8221;.vc_custom_1762516223585{margin-top: 0px !important;margin-bottom: 10px !important;padding-top: 0px !important;padding-bottom: 0px !important;}&#8221;]<\/p>\n<h5>We are looking for a colleague who will focus on:<\/h5>\n<p>[\/vc_column_text][\/vc_column_inner][\/vc_row_inner][vc_row_inner css=&#8221;.vc_custom_1758803177746{margin-top: 0px !important;margin-right: 30px !important;margin-left: 30px !important;}&#8221; ts_responsive_css=&#8221;17382303|colbreak_no|||||||||colbreak_no|||||||||colbreak_no||-5||-5||||||colbreak_no|||||||||&#8221;][vc_column_inner css=&#8221;.vc_custom_1757665677490{margin-top: 0px !important;margin-bottom: 0px !important;border-top-width: 0px !important;border-bottom-width: 0px !important;padding-top: 0px !important;padding-bottom: 0px !important;border-radius: 25px !important;}&#8221;][vc_column_text css=&#8221;.vc_custom_1758031642232{margin-top: 0px !important;margin-bottom: 20px !important;padding-top: 0px !important;padding-bottom: 0px !important;}&#8221;]We emphasize <strong>long-term mentoring<\/strong> and gradual transfer of our know-how. The areas you will focus on will depend on your preferences and skill development. Your job responsibilities will <strong>gradually expand<\/strong> in accordance with your abilities.[\/vc_column_text]<ul class=\"ts-list ts-list-style-icon ts-list-icon-color-skincolor ts- ts-icon-skincolor ts-list-textsize- ts-list-icon-library-fontawesome vc_custom_1759150658014\"><li><i class=\"ts-skincolor fa fa-chevron-circle-right\"><\/i>  <span class=\"ts-list-li-content\"><b>Participation in testing and team support \u2013 in our testing laboratory and at customer sites <\/b>(after training and familiarization with the technology, independent performance of basic tests).<\/span><\/li><\/ul><ul class=\"ts-list ts-list-style-icon ts-list-icon-color-skincolor ts- ts-icon-skincolor ts-list-textsize- ts-list-icon-library-fontawesome vc_custom_1759150683685\"><li><i class=\"ts-skincolor fa fa-chevron-circle-right\"><\/i>  <span class=\"ts-list-li-content\"><b>Evaluation and analysis of basic data <\/b>(e.g., tensile tests).<\/span><\/li><\/ul><ul class=\"ts-list ts-list-style-icon ts-list-icon-color-skincolor ts- ts-icon-skincolor ts-list-textsize- ts-list-icon-library-fontawesome vc_custom_1759150821609\"><li><i class=\"ts-skincolor fa fa-chevron-circle-right\"><\/i>  <span class=\"ts-list-li-content\">Participation in <b>research projects <\/b>(team assistance).<\/span><\/li><\/ul><ul class=\"ts-list ts-list-style-icon ts-list-icon-color-skincolor ts- ts-icon-skincolor ts-list-textsize- ts-list-icon-library-fontawesome vc_custom_1759150839585\"><li><i class=\"ts-skincolor fa fa-chevron-circle-right\"><\/i>  <span class=\"ts-list-li-content\"><b>Preparation of measuring assemblies.<\/b><\/span><\/li><\/ul><ul class=\"ts-list ts-list-style-icon ts-list-icon-color-skincolor ts- ts-icon-skincolor ts-list-textsize- ts-list-icon-library-fontawesome vc_custom_1759150858315\"><li><i class=\"ts-skincolor fa fa-chevron-circle-right\"><\/i>  <span class=\"ts-list-li-content\"><b>Minor maintenance of electrical equipment and cables <\/b>(e.g., soldering, electrical installations, repairs, equipment inspections).<\/span><\/li><\/ul><ul class=\"ts-list ts-list-style-icon ts-list-icon-color-skincolor ts- ts-icon-skincolor ts-list-textsize- ts-list-icon-library-fontawesome vc_custom_1760090908944\"><li><i class=\"ts-skincolor fa fa-chevron-circle-right\"><\/i>  <span class=\"ts-list-li-content\">And other tasks based on your preferences, abilities, and willingness to learn new things.<\/span><\/li><\/ul>[\/vc_column_inner][\/vc_row_inner][vc_row_inner css=&#8221;.vc_custom_1758803184711{margin-top: 10px !important;margin-right: 30px !important;margin-bottom: 5px !important;margin-left: 30px !important;border-top-width: 0px !important;border-bottom-width: 0px !important;padding-top: 0px !important;padding-bottom: 0px !important;}&#8221; ts_responsive_css=&#8221;17287348|colbreak_no|||||||||colbreak_no|||||||||colbreak_no||-5||-5||||||colbreak_no|||||||||&#8221;][vc_column_inner css=&#8221;.vc_custom_1757665154553{margin-top: 0px !important;margin-bottom: 0px !important;border-top-width: 0px !important;border-bottom-width: 0px !important;padding-top: 0px !important;padding-bottom: 0px !important;border-radius: 25px !important;}&#8221;][vc_column_text css=&#8221;.vc_custom_1758032004662{margin-top: 0px !important;margin-bottom: 10px !important;padding-top: 0px !important;padding-bottom: 0px !important;}&#8221;]<\/p>\n<h5><strong>Who do we need? You should meet: <\/strong><\/h5>\n<p>[\/vc_column_text][\/vc_column_inner][\/vc_row_inner][vc_row_inner css=&#8221;.vc_custom_1758803209785{margin-right: 30px !important;margin-left: 30px !important;}&#8221; ts_responsive_css=&#8221;21133790|colbreak_no|||||||||colbreak_no|||||||||colbreak_no||-5||-5||||||colbreak_no|||||||||&#8221;][vc_column_inner width=&#8221;1\/2&#8243; css=&#8221;.vc_custom_1757665580755{margin-top: 0px !important;border-top-width: 0px !important;padding-top: 0px !important;border-radius: 25px !important;}&#8221;]<ul class=\"ts-list ts-list-style-icon ts-list-icon-color-skincolor ts- ts-icon-skincolor ts-list-textsize- ts-list-icon-library-fontawesome vc_custom_1762516304352\"><li><i class=\"ts-skincolor fa fa-chevron-circle-right\"><\/i>  <span class=\"ts-list-li-content\"><b>Apprenticeship certificate \/ high-school diploma <\/b>in electrical engineering.<\/span><\/li><li><i class=\"ts-skincolor fa fa-chevron-circle-right\"><\/i>  <span class=\"ts-list-li-content\"><b>Proactive approach to work <\/b>\u2013 you are not afraid of new challenges and are looking for opportunities for personal and professional growth, a desire to develop in the field, learn specific procedures, and work with special equipment.<\/span><\/li><li><i class=\"ts-skincolor fa fa-chevron-circle-right\"><\/i>  <span class=\"ts-list-li-content\"><b>Team spirit <\/b>\u2013 you enjoy participating in joint projects, sharing ideas, and helping to achieve common goals.<\/span><\/li><li><i class=\"ts-skincolor fa fa-chevron-circle-right\"><\/i>  <span class=\"ts-list-li-content\"><b>PC skills<\/b> (MS Office).<\/span><\/li><li><i class=\"ts-skincolor fa fa-chevron-circle-right\"><\/i>  <span class=\"ts-list-li-content\"><b>Class B driver's license<\/b> \u2013 business trips to clients, nuclear power plants.<\/span><\/li><\/ul>[\/vc_column_inner][vc_column_inner width=&#8221;1\/2&#8243; css=&#8221;.vc_custom_1757665587018{margin-top: 0px !important;border-top-width: 0px !important;padding-top: 0px !important;}&#8221;]<ul class=\"ts-list ts-list-style-icon ts-list-icon-color-skincolor ts- ts-icon-skincolor ts-list-textsize- ts-list-icon-library-fontawesome vc_custom_1759150990037\"><li><i class=\"ts-skincolor fa fa-chevron-circle-right\"><\/i>  <span class=\"ts-list-li-content\"><b>A responsible approach to work <\/b>\u2013 for us, quality is not just a word, but a way of working.<\/span><\/li><li><i class=\"ts-skincolor fa fa-chevron-circle-right\"><\/i>  <span class=\"ts-list-li-content\"><b>Ability to work in a team <\/b>and willingness to contribute to the achievement of team goals.<\/span><\/li><li><i class=\"ts-skincolor fa fa-chevron-circle-right\"><\/i>  <span class=\"ts-list-li-content\"><b>A desire to constantly learn and develop <\/b>\u2013 you are motivated not only to master your work, but also to move forward and participate in the creation of new methods and procedures.<\/span><\/li><li><i class=\"ts-skincolor fa fa-chevron-circle-right\"><\/i>  <span class=\"ts-list-li-content\"><b>Also suitable for graduates<\/b> (we will teach you everything).<\/span><\/li><\/ul>[\/vc_column_inner][\/vc_row_inner][vc_row_inner css=&#8221;.vc_custom_1758803218040{margin-top: 10px !important;margin-right: 30px !important;margin-bottom: 5px !important;margin-left: 30px !important;border-top-width: 0px !important;border-bottom-width: 0px !important;padding-top: 0px !important;padding-bottom: 0px !important;}&#8221; ts_responsive_css=&#8221;27324455|colbreak_no|||||||||colbreak_no|||||||||colbreak_no||-5||-5||||||colbreak_no|||||||||&#8221;][vc_column_inner css=&#8221;.vc_custom_1757665154553{margin-top: 0px !important;margin-bottom: 0px !important;border-top-width: 0px !important;border-bottom-width: 0px !important;padding-top: 0px !important;padding-bottom: 0px !important;border-radius: 25px !important;}&#8221;][vc_column_text css=&#8221;.vc_custom_1758032010142{margin-top: 0px !important;margin-bottom: 10px !important;padding-top: 0px !important;padding-bottom: 0px !important;}&#8221;]<\/p>\n<h5><strong>We Offer:<\/strong><\/h5>\n<p>[\/vc_column_text][\/vc_column_inner][\/vc_row_inner][vc_row_inner css=&#8221;.vc_custom_1758803228322{margin-top: 0px !important;margin-right: 30px !important;margin-left: 30px !important;border-top-width: 0px !important;padding-top: 0px !important;}&#8221; ts_responsive_css=&#8221;53288204|colbreak_no|||||||||colbreak_no|||||||||colbreak_no||-5||-5||||||colbreak_no|||||||||&#8221;][vc_column_inner width=&#8221;1\/2&#8243; css=&#8221;.vc_custom_1757665632151{margin-top: 0px !important;margin-bottom: 0px !important;border-top-width: 0px !important;border-bottom-width: 0px !important;padding-top: 0px !important;padding-bottom: 0px !important;border-radius: 25px !important;}&#8221;]<ul class=\"ts-list ts-list-style-icon ts-list-icon-color-skincolor ts- ts-icon-skincolor ts-list-textsize- ts-list-icon-library-fontawesome vc_custom_1762516353260\"><li><i class=\"ts-skincolor fa fa-chevron-circle-right\"><\/i>  <span class=\"ts-list-li-content\"><b>Flexible working hours <\/b>(you decide when to start and finish)<\/span><\/li><li><i class=\"ts-skincolor fa fa-chevron-circle-right\"><\/i>  <span class=\"ts-list-li-content\"><b>Mentoring<\/b> led by a more experienced colleague, personal approach throughout the entire training process.<\/span><\/li><li><i class=\"ts-skincolor fa fa-chevron-circle-right\"><\/i>  <span class=\"ts-list-li-content\"><b>Competitive salary.<\/b><\/span><\/li><li><i class=\"ts-skincolor fa fa-chevron-circle-right\"><\/i>  <span class=\"ts-list-li-content\"><b>Meal allowance.<\/b><\/span><\/li><li><i class=\"ts-skincolor fa fa-chevron-circle-right\"><\/i>  <span class=\"ts-list-li-content\"><b>PC and mobile phone <\/b>with an unlimited plan.<\/span><\/li><li><i class=\"ts-skincolor fa fa-chevron-circle-right\"><\/i>  <span class=\"ts-list-li-content\"><b>5 sick days.<\/b><\/span><\/li><\/ul>[\/vc_column_inner][vc_column_inner width=&#8221;1\/2&#8243; css=&#8221;.vc_custom_1757665640386{margin-top: 0px !important;margin-bottom: 0px !important;border-top-width: 0px !important;border-bottom-width: 0px !important;padding-top: 0px !important;padding-bottom: 0px !important;}&#8221;]<ul class=\"ts-list ts-list-style-icon ts-list-icon-color-skincolor ts- ts-icon-skincolor ts-list-textsize- ts-list-icon-library-fontawesome vc_custom_1762516379140\"><li><i class=\"ts-skincolor fa fa-chevron-circle-right\"><\/i>  <span class=\"ts-list-li-content\"><b>Family-like atmosphere <\/b>\u2013 personal approach and stable environment.<\/span><\/li><li><i class=\"ts-skincolor fa fa-chevron-circle-right\"><\/i>  <span class=\"ts-list-li-content\"><b>A reputable company <\/b>with a solid market position and a steady clientele.<\/span><\/li><li><i class=\"ts-skincolor fa fa-chevron-circle-right\"><\/i>  <span class=\"ts-list-li-content\"><b>Work in nuclear power plants <\/b>\u2013 travel throughout the Czech Republic and Slovakia.<\/span><\/li><li><i class=\"ts-skincolor fa fa-chevron-circle-right\"><\/i>  <span class=\"ts-list-li-content\"><b>Team building and events for the whole family <\/b>\u2013 shared experiences and sports days.<\/span><\/li><\/ul>[\/vc_column_inner][\/vc_row_inner][vc_row_inner css=&#8221;.vc_custom_1757667498972{margin-top: 60px !important;margin-right: 0px !important;margin-bottom: -15px !important;margin-left: 0px !important;padding-top: 10px !important;padding-right: 30px !important;padding-bottom: 20px !important;padding-left: 30px !important;background-color: #F5F5F5 !important;border-radius: 25px !important;}&#8221;][vc_column_inner width=&#8221;1\/3&#8243; css=&#8221;.vc_custom_1757666640924{margin-top: 0px !important;padding-top: 0px !important;border-radius: 25px !important;}&#8221;][vc_column_text css=&#8221;.vc_custom_1757667434715{margin-top: 0px !important;margin-bottom: 20px !important;padding-top: 0px !important;}&#8221;]<\/p>\n<h4>More Information<\/h4>\n<p>[\/vc_column_text][vc_column_text css=&#8221;.vc_custom_1757667442962{margin-top: 0px !important;margin-bottom: 20px !important;padding-top: 0px !important;padding-bottom: 0px !important;}&#8221;]<\/p>\n<h6>Zuzana R\u016f\u017ei\u010dkov\u00e1<\/h6>\n<p>[\/vc_column_text]<ul class=\"ts-list ts-list-style-icon ts-list-icon-color- ts- ts-icon- ts-list-textsize-large ts-list-icon-library-vc_linecons vc_custom_1758032570762\"><li><i class=\"ts- vc_li vc_li-phone\"><\/i>  <span class=\"ts-list-li-content\">+420 606 583 281<\/span><\/li><\/ul><ul class=\"ts-list ts-list-style-icon ts-list-icon-color- ts- ts-icon- ts-list-textsize-large ts-list-icon-library-fontawesome vc_custom_1758032606757\"><li><i class=\"ts- fa fa-phone\"><\/i>  <span class=\"ts-list-li-content\"> +420 483 394 427<\/span><\/li><\/ul><ul class=\"ts-list ts-list-style-icon ts-list-icon-color- ts- ts-icon- ts-list-textsize-large ts-list-icon-library-fontawesome vc_custom_1758032592515\"><li><i class=\"ts- fa fa-envelope-o\"><\/i>  <span class=\"ts-list-li-content\">ruzickova@abegu.cz<\/span><\/li><\/ul>[\/vc_column_inner][vc_column_inner width=&#8221;2\/3&#8243; css=&#8221;.vc_custom_1757666650081{margin-top: 0px !important;padding-top: 0px !important;}&#8221;][vc_column_text css=&#8221;.vc_custom_1758108010814{margin-top: 0px !important;margin-bottom: 20px !important;padding-top: 0px !important;}&#8221;]<\/p>\n<h4>I Am Interested in the Job Position &#8220;Technical Worker&#8221;<\/h4>\n<p>[\/vc_column_text]\n<div class=\"wpcf7 no-js\" id=\"wpcf7-f3054-o1\" lang=\"en-US\" dir=\"ltr\" data-wpcf7-id=\"3054\">\n<div class=\"screen-reader-response\"><p role=\"status\" aria-live=\"polite\" aria-atomic=\"true\"><\/p> <ul><\/ul><\/div>\n<form action=\"\/en\/wp-json\/wp\/v2\/pages\/2914#wpcf7-f3054-o1\" method=\"post\" class=\"wpcf7-form init\" aria-label=\"Contact form\" enctype=\"multipart\/form-data\" novalidate=\"novalidate\" data-status=\"init\">\n<fieldset class=\"hidden-fields-container\"><input type=\"hidden\" name=\"_wpcf7\" value=\"3054\" \/><input type=\"hidden\" name=\"_wpcf7_version\" value=\"6.1.2\" \/><input type=\"hidden\" name=\"_wpcf7_locale\" value=\"en_US\" \/><input type=\"hidden\" name=\"_wpcf7_unit_tag\" value=\"wpcf7-f3054-o1\" \/><input type=\"hidden\" name=\"_wpcf7_container_post\" value=\"0\" \/><input type=\"hidden\" name=\"_wpcf7_posted_data_hash\" value=\"\" \/><input type=\"hidden\" name=\"_wpcf7_recaptcha_response\" value=\"\" \/>\n<\/fieldset>\n<div class=\"main-form\">\n\t<div class=\"row\">\n\t\t<div class=\"col-sm-6\">\n\t\t\t<div class=\"input-group\">\n\t\t\t\t<p><span class=\"wpcf7-form-control-wrap\" data-name=\"your-name1\"><input size=\"40\" maxlength=\"400\" class=\"wpcf7-form-control wpcf7-text wpcf7-validates-as-required\" aria-required=\"true\" aria-invalid=\"false\" placeholder=\"First Name\" value=\"\" type=\"text\" name=\"your-name1\" \/><\/span>\n\t\t\t\t<\/p>\n\t\t\t<\/div>\n\t\t<\/div>\n\t\t<div class=\"col-sm-6\">\n\t\t\t<div class=\"input-group\">\n\t\t\t\t<p><span class=\"wpcf7-form-control-wrap\" data-name=\"your-name2\"><input size=\"40\" maxlength=\"400\" class=\"wpcf7-form-control wpcf7-text wpcf7-validates-as-required\" aria-required=\"true\" aria-invalid=\"false\" placeholder=\"Last Name\" value=\"\" type=\"text\" name=\"your-name2\" \/><\/span>\n\t\t\t\t<\/p>\n\t\t\t<\/div>\n\t\t<\/div>\n\t\t<div class=\"col-sm-6\">\n\t\t\t<div class=\"input-group\">\n\t\t\t\t<p><span class=\"wpcf7-form-control-wrap\" data-name=\"your-email\"><input size=\"40\" maxlength=\"400\" class=\"wpcf7-form-control wpcf7-email wpcf7-validates-as-required wpcf7-text wpcf7-validates-as-email\" aria-required=\"true\" aria-invalid=\"false\" placeholder=\"E-mail Address\" value=\"\" type=\"email\" name=\"your-email\" \/><\/span>\n\t\t\t\t<\/p>\n\t\t\t<\/div>\n\t\t<\/div>\n\t\t<div class=\"col-sm-6\">\n\t\t\t<div class=\"input-group\">\n\t\t\t\t<p><span class=\"wpcf7-form-control-wrap\" data-name=\"your-phone\"><input size=\"40\" maxlength=\"400\" class=\"wpcf7-form-control wpcf7-tel wpcf7-validates-as-required wpcf7-text wpcf7-validates-as-tel\" aria-required=\"true\" aria-invalid=\"false\" placeholder=\"Phone Number\" value=\"\" type=\"tel\" name=\"your-phone\" \/><\/span>\n\t\t\t\t<\/p>\n\t\t\t<\/div>\n\t\t<\/div>\n\t\t<div class=\"col-sm-6\">\n\t\t\t<div class=\"input-group\">\n\t\t\t\t<p>Attach your structured resume<br \/>\n<span class=\"wpcf7-form-control-wrap\" data-name=\"file-96\"><input size=\"40\" class=\"wpcf7-form-control wpcf7-file wpcf7-validates-as-required\" accept=\"image\/*,.txt,application\/pdf\" aria-required=\"true\" aria-invalid=\"false\" type=\"file\" name=\"file-96\" \/><\/span>\n\t\t\t\t<\/p>\n\t\t\t<\/div>\n\t\t<\/div>\n\t\t<div class=\"col-sm-6\">\n\t\t\t<p>Attach cover letter (optional)<br \/>\n<span class=\"wpcf7-form-control-wrap\" data-name=\"file-97\"><input size=\"40\" class=\"wpcf7-form-control wpcf7-file\" accept=\"image\/*,.txt,application\/pdf\" aria-invalid=\"false\" type=\"file\" name=\"file-97\" \/><\/span>\n\t\t\t<\/p>\n\t\t<\/div>\n\t<\/div>\n\t<p><span class=\"wpcf7-form-control-wrap\" data-name=\"acceptance-349\"><span class=\"wpcf7-form-control wpcf7-acceptance\"><span class=\"wpcf7-list-item\"><label><input type=\"checkbox\" name=\"acceptance-349\" value=\"1\" aria-invalid=\"false\" \/><span class=\"wpcf7-list-item-label\">By submitting this form, you consent to the processing of your personal data. You can read the full statement at this <a href=\"\/en\/consent-to-personal-data-processing\/\" target=\"_blank\">link<\/a><\/span><\/label><\/span><\/span><\/span>\n\t<\/p>\n\t<div class=\"input-group input-button\">\n\t\t<p><input class=\"wpcf7-form-control wpcf7-submit has-spinner\" type=\"submit\" value=\"SUBMIT FORM\" \/>\n\t\t<\/p>\n\t<\/div>\n<\/div><div class=\"wpcf7-response-output\" aria-hidden=\"true\"><\/div>\n<\/form>\n<\/div>\n[\/vc_column_inner][\/vc_row_inner][\/vc_column][\/vc_row][vc_row css=&#8221;.vc_custom_1758108119443{margin-top: 20px !important;margin-bottom: 40px !important;border-top-width: 0px !important;padding-top: 0px !important;}&#8221;][vc_column css=&#8221;.vc_custom_1758107843539{margin-top: 0px !important;border-top-width: 0px !important;padding-top: 0px !important;}&#8221;][vc_btn title=&#8221;Back to Job Listings&#8221; style=&#8221;flat&#8221; shape=&#8221;round&#8221; size=&#8221;lg&#8221; i_icon_fontawesome=&#8221;fa fa-solid fa-arrow-left&#8221; css=&#8221;.vc_custom_1759157211853{margin-top: 0px !important;margin-bottom: 10px !important;}&#8221; add_icon=&#8221;true&#8221; link=&#8221;url:%2Fen%2Fcurrent-vacancies%2F&#8221; el_class=&#8221;z-index:99&#8243;][vc_empty_space height=&#8221;30&#8243;][\/vc_column][\/vc_row]<\/p>\n<\/div>","protected":false},"excerpt":{"rendered":"<p>[vc_row ts_bgimage_position=&#8221;left_center&#8221; css_animation=&#8221;none&#8221; css=&#8221;.vc_custom_1758108086392{margin-top: 80px !important;margin-bottom: 10px !important;border-top-width: 1px !important;border-right-width: 1px !important;border-bottom-width: 3px !important;border-left-width: 1px !important;padding-top: 0px !important;padding-bottom: 30px !important;background-position: center !important;background-repeat: no-repeat !important;background-size: cover !important;border-left-style: solid !important;border-right-style: solid !important;border-top-style: solid !important;border-bottom-style: solid !important;border-radius: 25px !important;border-color: #E0E0E0 !important;}&#8221; ts_responsive_css=&#8221;36685514|colbreak_no|||||||||colbreak_no|||||||||colbreak_no||||||||||colbreak_no|||||||||&#8221;][vc_column][vc_single_image image=&#8221;3789&#8243; img_size=&#8221;full&#8221; alignment=&#8221;center&#8221; css=&#8221;.vc_custom_1760694862169{margin-top: -2px !important;margin-right: -16px !important;margin-bottom: 30px !important;margin-left: -16px !important;padding-top: 0px !important;padding-right: 0px !important;padding-bottom: &hellip; <a href=\"https:\/\/www.abegu.cz\/en\/job-position-technical-worker\/\" class=\"more-link\" title=\"Continue reading <span class=\"screen-reader-text\">Job Position &#8211; Technical Worker<\/span>&#8220;>Continue reading <span class=\"screen-reader-text\">Job Position &#8211; Technical Worker<\/span><\/a><\/p>\n","protected":false},"author":1,"featured_media":0,"parent":0,"menu_order":0,"comment_status":"closed","ping_status":"closed","template":"","meta":{"footnotes":""},"class_list":["post-2914","page","type-page","status-publish","hentry"],"_links":{"self":[{"href":"https:\/\/www.abegu.cz\/en\/wp-json\/wp\/v2\/pages\/2914","targetHints":{"allow":["GET"]}}],"collection":[{"href":"https:\/\/www.abegu.cz\/en\/wp-json\/wp\/v2\/pages"}],"about":[{"href":"https:\/\/www.abegu.cz\/en\/wp-json\/wp\/v2\/types\/page"}],"author":[{"embeddable":true,"href":"https:\/\/www.abegu.cz\/en\/wp-json\/wp\/v2\/users\/1"}],"replies":[{"embeddable":true,"href":"https:\/\/www.abegu.cz\/en\/wp-json\/wp\/v2\/comments?post=2914"}],"version-history":[{"count":2,"href":"https:\/\/www.abegu.cz\/en\/wp-json\/wp\/v2\/pages\/2914\/revisions"}],"predecessor-version":[{"id":4182,"href":"https:\/\/www.abegu.cz\/en\/wp-json\/wp\/v2\/pages\/2914\/revisions\/4182"}],"wp:attachment":[{"href":"https:\/\/www.abegu.cz\/en\/wp-json\/wp\/v2\/media?parent=2914"}],"curies":[{"name":"wp","href":"https:\/\/api.w.org\/{rel}","templated":true}]}}